{"id":15,"date":"2023-04-20T12:37:51","date_gmt":"2023-04-20T12:37:51","guid":{"rendered":"https:\/\/aitorykoda.nativeworld.es\/?page_id=15"},"modified":"2023-04-20T15:22:07","modified_gmt":"2023-04-20T15:22:07","slug":"reembolso_devoluciones","status":"publish","type":"page","link":"https:\/\/aitorykoda.nativeworld.es\/index.php\/reembolso_devoluciones\/","title":{"rendered":"Pol\u00edtica de devoluciones y reembolsos"},"content":{"rendered":"<div class=\"fusion-fullwidth fullwidth-box fusion-builder-row-1 fusion-flex-container nonhundred-percent-fullwidth non-hundred-percent-height-scrolling\" style=\"--awb-border-radius-top-left:0px;--awb-border-radius-top-right:0px;--awb-border-radius-bottom-right:0px;--awb-border-radius-bottom-left:0px;--awb-padding-top:0px;--awb-margin-top:0px;\" ><div class=\"fusion-builder-row fusion-row fusion-flex-align-items-flex-start\" style=\"max-width:1430px;margin-left: calc(-4% \/ 2 );margin-right: calc(-4% \/ 2 );\"><div class=\"fusion-layout-column fusion_builder_column fusion-builder-column-0 fusion_builder_column_1_1 1_1 fusion-flex-column\" style=\"--awb-bg-blend:overlay;--awb-bg-size:cover;--awb-width-large:100%;--awb-margin-top-large:-80px;--awb-spacing-right-large:1.92%;--awb-margin-bottom-large:0px;--awb-spacing-left-large:1.92%;--awb-width-medium:100%;--awb-spacing-right-medium:1.92%;--awb-spacing-left-medium:1.92%;--awb-width-small:100%;--awb-spacing-right-small:1.92%;--awb-spacing-left-small:1.92%;\"><div class=\"fusion-column-wrapper fusion-flex-justify-content-flex-start fusion-content-layout-column\"><div class=\"fusion-text fusion-text-1\"><p align=\"center\">\n<p style=\"font-size: 30px;\" align=\"center\" data-fusion-font=\"true\"><b>Pol\u00edtica de env\u00edo<\/b><\/p>\n<p align=\"center\"><b>ENV\u00cdO<\/b><\/p>\n<p align=\"left\">El tiempo aproximado de entrega depende del tipo de camiseta y oscila entre 24\/48 horas y 4\/5 d\u00edas.<\/p>\n<p align=\"left\">Las prendas personalizadas se servir\u00e1n en 24\/48 horas si solo se personaliza el dibujo (no la prenda). y en 10 d\u00edas laborales si tambi\u00e9n hay que personalizar la prenda, es decir, si la prenda no est\u00e1 hecha y hay que fabricarla.<\/p>\n<p align=\"left\">Para entregas por modalidad de pago Contrareembolso se cobrar\u00e1 un plus por gesti\u00f3n de cobro de 3\u20ac.<\/p>\n<p align=\"left\">GASTOS DE ENV\u00cdO: El precio del env\u00edo ser\u00e1 de 4,95\u20ac en la pen\u00ednsula. 9,95\u20ac en Baleares. 14,95\u20ac en Canarias.<\/p>\n<p align=\"left\">A PARTIR DE 100\u20ac LOS PORTES SER\u00c1N GRATUITOS EN PEN\u00cdNSULA<\/p>\n<p align=\"center\"><b>DEVOLUCIONES<\/b><\/p>\n<p align=\"left\">En el caso de que la prenda no sea la que pediste o tenga alg\u00fan defecto de impresi\u00f3n o tara, tienes 15 d\u00edas para hacer la devoluci\u00f3n:<\/p>\n<p align=\"left\">1. Ponte en contacto con nosotros al telefono 965870123 o al mail nativeworld@nativeworld.es<\/p>\n<p align=\"left\">2. Comentanos el problema e indicanos el n\u00famero de pedido.<\/p>\n<p align=\"left\">3. Una vez comprobado el error, repetiremos la camiseta y te la enviaremos totalmente sin coste alguno para ti.<\/p>\n<p align=\"left\">4. Un agente de la empresa de transporte, te lo entregar\u00e1 en tu domicilio y te recoger\u00e1 la defectuosa.<\/p>\n<p align=\"left\">En el caso de que quieras devolver la prenda porque no es lo que esperabas, tienes 15 d\u00edas para devolverla. Nos lo tienes que comunicar, enviar la prenda a nuestra direcci\u00f3n y hacer el pago de los portes de regreso de la prenda (5,00 \u20ac). Una vez comprobada que la prenda esta sin usar y en perfecto estado, y el pago del porte de regreso realizado, te devolveremos el precio de la prenda por el mismo medio que lo pagaste.<\/p>\n<p align=\"left\">TIENES 15 D\u00cdAS PARA REALIZAR CUALQUIER DEVOLUCI\u00d3N<\/p>\n<p align=\"center\"><b>CAMBIOS<\/b><\/p>\n<p align=\"left\">Si necesitas hacer un cambio de talla:<\/p>\n<p align=\"left\">1. Ponte en contacto con nosotros al tel\u00e9fono 965870123 o al mail nativeworld@nativeworld.es<\/p>\n<p align=\"left\">2. Com\u00e9ntanos el problema e ind\u00edcanos el n\u00famero de pedido.<\/p>\n<p align=\"left\">3. Env\u00edanos la camiseta a la siguiente direcci\u00f3n: Antonio Dengra S.L. (Native World) P.I. Pla de Terol Nave 3 Parc. 2 \u2013 C\/ Teuleria s\/n Buzon A-13<\/p>\n<p align=\"left\">4. Debes abonar los portes de vuelta (5,00 \u20ac) en la cuenta ES08 3105 2638 0927 2000 2390<\/p>\n<p align=\"left\">5. Una vez comprobado que la prenda est\u00e1 sin usar y en perfecto estado, y que el pago de los portes est\u00e1 realizado, te enviaremos la camiseta con la nueva talla.<\/p>\n<p align=\"left\">* No se aceptar\u00e1n devoluciones en prendas personalizadas ni cambios de tallas en productos marcados como Outlet.<\/p>\n<p align=\"left\">TIENES 30 D\u00cdAS PARA REALIZAR CUALQUIER CAMBIO<\/p>\n<\/p>\n<p align=\"center\">\n<\/div><\/div><\/div><\/div><\/div>","protected":false},"excerpt":{"rendered":"","protected":false},"author":1,"featured_media":4360,"parent":0,"menu_order":0,"comment_status":"closed","ping_status":"closed","template":"","meta":{"footnotes":""},"class_list":["post-15","page","type-page","status-publish","has-post-thumbnail","hentry"],"_links":{"self":[{"href":"https:\/\/aitorykoda.nativeworld.es\/index.php\/wp-json\/wp\/v2\/pages\/15","targetHints":{"allow":["GET"]}}],"collection":[{"href":"https:\/\/aitorykoda.nativeworld.es\/index.php\/wp-json\/wp\/v2\/pages"}],"about":[{"href":"https:\/\/aitorykoda.nativeworld.es\/index.php\/wp-json\/wp\/v2\/types\/page"}],"author":[{"embeddable":true,"href":"https:\/\/aitorykoda.nativeworld.es\/index.php\/wp-json\/wp\/v2\/users\/1"}],"replies":[{"embeddable":true,"href":"https:\/\/aitorykoda.nativeworld.es\/index.php\/wp-json\/wp\/v2\/comments?post=15"}],"version-history":[{"count":4,"href":"https:\/\/aitorykoda.nativeworld.es\/index.php\/wp-json\/wp\/v2\/pages\/15\/revisions"}],"predecessor-version":[{"id":4368,"href":"https:\/\/aitorykoda.nativeworld.es\/index.php\/wp-json\/wp\/v2\/pages\/15\/revisions\/4368"}],"wp:featuredmedia":[{"embeddable":true,"href":"https:\/\/aitorykoda.nativeworld.es\/index.php\/wp-json\/wp\/v2\/media\/4360"}],"wp:attachment":[{"href":"https:\/\/aitorykoda.nativeworld.es\/index.php\/wp-json\/wp\/v2\/media?parent=15"}],"curies":[{"name":"wp","href":"https:\/\/api.w.org\/{rel}","templated":true}]}}