{"id":3,"date":"2023-01-25T12:32:10","date_gmt":"2023-01-25T12:32:10","guid":{"rendered":"https:\/\/aitorykoda.nativeworld.es\/?page_id=3"},"modified":"2023-04-20T15:21:30","modified_gmt":"2023-04-20T15:21:30","slug":"politica-de-privacidad","status":"publish","type":"page","link":"https:\/\/aitorykoda.nativeworld.es\/index.php\/politica-de-privacidad\/","title":{"rendered":"Pol\u00edtica de Privacidad"},"content":{"rendered":"<div class=\"fusion-fullwidth fullwidth-box fusion-builder-row-1 fusion-flex-container nonhundred-percent-fullwidth non-hundred-percent-height-scrolling\" style=\"--awb-border-radius-top-left:0px;--awb-border-radius-top-right:0px;--awb-border-radius-bottom-right:0px;--awb-border-radius-bottom-left:0px;\" ><div class=\"fusion-builder-row fusion-row fusion-flex-align-items-flex-start\" style=\"max-width:1430px;margin-left: calc(-4% \/ 2 );margin-right: calc(-4% \/ 2 );\"><div class=\"fusion-layout-column fusion_builder_column fusion-builder-column-0 fusion_builder_column_1_1 1_1 fusion-flex-column\" style=\"--awb-bg-blend:overlay;--awb-bg-size:cover;--awb-width-large:100%;--awb-margin-top-large:-80px;--awb-spacing-right-large:1.92%;--awb-margin-bottom-large:0px;--awb-spacing-left-large:1.92%;--awb-width-medium:100%;--awb-spacing-right-medium:1.92%;--awb-spacing-left-medium:1.92%;--awb-width-small:100%;--awb-spacing-right-small:1.92%;--awb-spacing-left-small:1.92%;\"><div class=\"fusion-column-wrapper fusion-flex-justify-content-flex-start fusion-content-layout-column\"><div class=\"fusion-text fusion-text-1\"><h1 align=\"center\"><\/h1>\n<h1 style=\"font-size: 28px;\" align=\"center\" data-fusion-font=\"true\">Pol\u00edtica de Privacidad<\/h1>\n<p align=\"center\"><b>Seguridad, Confidencialidad y Protecci\u00f3n de Datos.<\/b><\/p>\n<p align=\"justify\">NATIVEWORLD garantiza la seguridad y confidencialidad en sus comunicaciones con el usuario. De conformidad con lo establecido en la Ley Org\u00e1nica 15\/1999, de Protecci\u00f3n de Datos de Car\u00e1cter Personal, y el Reglamento que la desarrolla, en caso de que nos env\u00ede alg\u00fan correo electr\u00f3nico a la direcci\u00f3n indicada en la misma, o rellene alg\u00fan formulario de recogida de datos o formulario de consulta, le informamos de que los datos de car\u00e1cter personal que nos proporcione, ser\u00e1n registrados en el fichero del que es responsable NATIVEWORLD, con la finalidad de gestionar su consulta. NATIVEWORLD declara haber adoptado todas las medidas de seguridad necesarias y adecuadas a lo establecido en el Real Decreto 1720\/2007, de 21 de diciembre, por el que se aprueba el Reglamento de desarrollo de la LOPD y ha establecido todos los medios t\u00e9cnicos a su alcance con la intenci\u00f3n de evitar la p\u00e9rdida, mal uso, alteraci\u00f3n, acceso no autorizado o robo de los datos que usted facilite.<\/p>\n<p align=\"justify\">La informaci\u00f3n que recibe NATIVEWORLD en los diferentes servicios es tratada con la m\u00e1xima confidencialidad y seguridad, incorporados a una base de datos. La informaci\u00f3n recibida es utilizada exclusivamente por NATIVEWORLD para prop\u00f3sitos inherentes a cada servicio y no ser\u00e1 comunicada a terceros a no ser que NATIVEWORLD est\u00e9 obligada a ello por ser informaci\u00f3n p\u00fablica o por requerimiento judicial o imperativo legal.<\/p>\n<p align=\"justify\">Si bien la mayor\u00eda de direcciones de correo han sido facilitadas por ustedes mismos, o han sido solicitadas a trav\u00e9s de la opci\u00f3n disponible para ello en nuestro web, puede darse el caso de que no sea as\u00ed, y dispongamos de la misma por otros medios legales. En cualquier caso, puede optar por cualquiera de las opciones posibles en este mismo instante, o en cualquier otro momento, o a la recepci\u00f3n de futuros comunicados donde encontrar\u00e1 siempre una forma f\u00e1cil de cancelar sus datos. NATIVEWORLD tratar\u00e1 estos datos con la diligencia debida para evitar su alteraci\u00f3n o p\u00e9rdida tal como establece la normativa aplicable.<\/p>\n<p align=\"justify\">En cumplimiento de lo previsto en art\u00edculo 13 del Reglamento (UE) 2016\/679 del Parlamento Europeo y del Consejo, de 27 de abril de 2016, le informamos de que sus datos personales ser\u00e1n incorporados a nuestros tratamientos de datos y que podr\u00e1n ser cedidos cuando legalmente corresponda. Sus datos ser\u00e1n empleados para la atenci\u00f3n de las consultas, observaciones y reservas que nos remita o efect\u00fae a trav\u00e9s de esta web y otras labores de promoci\u00f3n de nuestros servicios, que puntualmente se puedan llevar a cabo.<\/p>\n<p align=\"justify\">Se garantiza al titular de los datos el ejercicio de los derechos de acceso, rectificaci\u00f3n, cancelaci\u00f3n y oposici\u00f3n de los datos que le conciernen, debiendo para ello, dirigirse mediante comunicaci\u00f3n escrita a la siguiente direcci\u00f3n postal que figura en el apartado \u201cInformaci\u00f3n General\u201d o a la siguiente direcci\u00f3n electr\u00f3nica: datos@nativeworld.es.<\/p>\n<p align=\"justify\">El titular de los datos resulta informado y consiente en la comunicaci\u00f3n y tratamiento de sus datos personales bajo las debidas condiciones de seguridad y secreto profesional, por el per\u00edodo que resulte necesario para la finalidad para la que son recabados, tratados y cedidos.<\/p>\n<p align=\"justify\">A fin de dar cumplimiento a lo dispuesto en el Reglamento General de Protecci\u00f3n de Datos de la UE, el usuario debe recibir informaci\u00f3n puntual y concreta del responsable del tratamiento y los usos y fines del mismo. Para ello, se informa de los siguientes aspectos:<\/p>\n<p>Responsable<\/p>\n<p>Raz\u00f3n social: Antonio Dengra, S.L.<\/p>\n<p>CIF: B03418795<\/p>\n<p>Direcci\u00f3n: C\/Teuler\u00eda s\/n, 03520 Polop (Alicante)<\/p>\n<p>Tel\u00e9fono: (+34) 651 86 81 87<\/p>\n<p>Correo electr\u00f3nico: datos@nativeworld.es<\/p>\n<p>DPD: Antonio P\u00e9rez<\/p>\n<p>Contacto DPD: datos@nativeworld.es<\/p>\n<p align=\"justify\">Finalidad: Gesti\u00f3n de consultas y demanda de informaci\u00f3n por parte del usuario. La informaci\u00f3n ser\u00e1 mantenida un plazo m\u00e1ximo de 24 meses, mientras no exista la petici\u00f3n expresa de supresi\u00f3n por parte del usuario. Pasado este plazo, la informaci\u00f3n se almacenar\u00e1 de forma indefinida.<\/p>\n<p align=\"justify\">Una vez realice una compra y sea cliente de NATIVEWORLD utilizaremos su direcci\u00f3n de correo electr\u00f3nico para el env\u00edo de comunicaciones comerciales. Usted puede darse de baja de las mismas en cualquier momento como ya especificamos anteriormente.<\/p>\n<p align=\"justify\">Obligaciones del Usuario y\/o Cliente<\/p>\n<p align=\"justify\">El usuario y\/o cliente de NATIVEWORLD se compromete en todo momento a facilitar informaci\u00f3n verdadera sobre los datos solicitados en los diferentes formularios y\/o solicitudes de informaci\u00f3n o compra.<\/p>\n<p align=\"justify\">En el supuesto de la venta o comercializaci\u00f3n de productos de nuestro sitio web que requieran que el comprador sea mayor de edad seg\u00fan la legislaci\u00f3n vigente de su pa\u00eds de origen (18 a\u00f1os en el caso de Espa\u00f1a), el comprador manifiesta que cumple dicho requisito para formalizar la compra.<\/p>\n<p align=\"justify\">De haber realizado una compra y ser cliente de NATIVEWORLD, utilizaremos su direcci\u00f3n de correo electr\u00f3nico para el env\u00edo de comunicaciones comerciales. Usted puede darse de baja de las mismas en cualquier momento. Estas comunicaciones tratar\u00e1n sobre servicios similares a los contratados por usted. El destinatario de estas comunicaciones podr\u00e1 revocar en cualquier momento este consentimiento con la simple notificaci\u00f3n de su voluntad a NATIVEWORLD.<\/p>\n<p align=\"justify\">El usuario deber\u00e1 guardar y, en su caso, remitir el justificante de pago de los productos adquiridos, advirti\u00e9ndole que, la manipulaci\u00f3n o falsificaci\u00f3n de dichos comprobantes de pago puede suponer una conducta constitutiva de delito y penada en base al actual C\u00f3digo Penal vigente.<\/p>\n<\/div><\/div><\/div><\/div><\/div><!-- \/wp:post-content -->","protected":false},"excerpt":{"rendered":"","protected":false},"author":1,"featured_media":4360,"parent":0,"menu_order":0,"comment_status":"closed","ping_status":"open","template":"","meta":{"footnotes":""},"class_list":["post-3","page","type-page","status-publish","has-post-thumbnail","hentry"],"_links":{"self":[{"href":"https:\/\/aitorykoda.nativeworld.es\/index.php\/wp-json\/wp\/v2\/pages\/3","targetHints":{"allow":["GET"]}}],"collection":[{"href":"https:\/\/aitorykoda.nativeworld.es\/index.php\/wp-json\/wp\/v2\/pages"}],"about":[{"href":"https:\/\/aitorykoda.nativeworld.es\/index.php\/wp-json\/wp\/v2\/types\/page"}],"author":[{"embeddable":true,"href":"https:\/\/aitorykoda.nativeworld.es\/index.php\/wp-json\/wp\/v2\/users\/1"}],"replies":[{"embeddable":true,"href":"https:\/\/aitorykoda.nativeworld.es\/index.php\/wp-json\/wp\/v2\/comments?post=3"}],"version-history":[{"count":4,"href":"https:\/\/aitorykoda.nativeworld.es\/index.php\/wp-json\/wp\/v2\/pages\/3\/revisions"}],"predecessor-version":[{"id":4367,"href":"https:\/\/aitorykoda.nativeworld.es\/index.php\/wp-json\/wp\/v2\/pages\/3\/revisions\/4367"}],"wp:featuredmedia":[{"embeddable":true,"href":"https:\/\/aitorykoda.nativeworld.es\/index.php\/wp-json\/wp\/v2\/media\/4360"}],"wp:attachment":[{"href":"https:\/\/aitorykoda.nativeworld.es\/index.php\/wp-json\/wp\/v2\/media?parent=3"}],"curies":[{"name":"wp","href":"https:\/\/api.w.org\/{rel}","templated":true}]}}