{"id":4339,"date":"2023-04-20T12:44:33","date_gmt":"2023-04-20T12:44:33","guid":{"rendered":"https:\/\/aitorykoda.nativeworld.es\/?page_id=4339"},"modified":"2023-04-20T15:19:34","modified_gmt":"2023-04-20T15:19:34","slug":"informacion-general","status":"publish","type":"page","link":"https:\/\/aitorykoda.nativeworld.es\/index.php\/informacion-general\/","title":{"rendered":"Informaci\u00f3n general"},"content":{"rendered":"<div class=\"fusion-fullwidth fullwidth-box fusion-builder-row-1 fusion-flex-container nonhundred-percent-fullwidth non-hundred-percent-height-scrolling\" style=\"--awb-border-radius-top-left:0px;--awb-border-radius-top-right:0px;--awb-border-radius-bottom-right:0px;--awb-border-radius-bottom-left:0px;--awb-padding-top:0px;--awb-margin-top:0px;\" ><div class=\"fusion-builder-row fusion-row fusion-flex-align-items-flex-start\" style=\"max-width:1430px;margin-left: calc(-4% \/ 2 );margin-right: calc(-4% \/ 2 );\"><div class=\"fusion-layout-column fusion_builder_column fusion-builder-column-0 fusion_builder_column_1_1 1_1 fusion-flex-column\" style=\"--awb-bg-blend:overlay;--awb-bg-size:cover;--awb-width-large:100%;--awb-margin-top-large:-80px;--awb-spacing-right-large:1.92%;--awb-margin-bottom-large:0px;--awb-spacing-left-large:1.92%;--awb-width-medium:100%;--awb-spacing-right-medium:1.92%;--awb-spacing-left-medium:1.92%;--awb-width-small:100%;--awb-spacing-right-small:1.92%;--awb-spacing-left-small:1.92%;\"><div class=\"fusion-column-wrapper fusion-flex-justify-content-flex-start fusion-content-layout-column\"><div class=\"fusion-text fusion-text-1\"><h1 align=\"center\"><\/h1>\n<h1 style=\"font-size: 28px;\" align=\"center\" data-fusion-font=\"true\">Informaci\u00f3n General<\/h1>\n<p>Titular: Antonio Dengra, S.L.<\/p>\n<p>CIF: B03418795<\/p>\n<p>Direcci\u00f3n: C\/Teuler\u00eda s\/n, 03520 Polop (Alicante)<\/p>\n<p>Dominio: www.nativeworld.es<\/p>\n<p>Correo electr\u00f3nico: nativeworld@nativeworld.es<\/p>\n<p>Hospedaje: Acens Technologies, S.L.U.<\/p>\n<p>Domicilio Social: C\/San Rafael, 14, 20108 Alcobendas, Madrid, Espa\u00f1a<\/p>\n<p align=\"justify\">Antonio Dengra, S.L. como propietario del sitio web y titular del dominio www.nativeworld.es (en adelante NATIVEWORLD) pone este sitio web a disposici\u00f3n de los usuarios de Internet, con el fin tanto de proporcionar informaci\u00f3n sobre los productos, precios y ofertas, as\u00ed como la venta de sus productos y la prestaci\u00f3n de distintos servicios a trav\u00e9s del sitio web.<\/p>\n<p align=\"justify\">Somos una empresa ubicada en Polop, provincia de Alicante y nuestra especialidad es la fabricaci\u00f3n de prendas de ropa personalizadas, la impresi\u00f3n sobre textil con diferentes t\u00e9cnicas y la producci\u00f3n de grandes vol\u00famenes. La venta a distancia a trav\u00e9s de nuestra web tambi\u00e9n es uno de nuestros servicios m\u00e1s usados con entregas a toda Espa\u00f1a peninsular en 24\/48 horas y 48\/72 horas para env\u00edos a las Islas Baleares. Los pedidos realizados despu\u00e9s de las 13 horas se preparar\u00e1n a partir del d\u00eda siguiente al pedido y se entregar\u00e1n en la fecha indicada en el correo que el usuario recibir\u00e1 por parte de NATIVEWORLD.<\/p>\n<p align=\"justify\">Los precios de los servicios o productos prestados por NATIVEWORLD son accesibles de forma clara y exacta desde el mismo sitio desde el que son objeto de contrataci\u00f3n y todos los precios incluyen el I.V.A.<\/p>\n<p align=\"justify\">Los derechos de propiedad intelectual y\/o industrial sobre cualquiera de los dominios de NATIVEWORLD, la propia p\u00e1gina web, el dise\u00f1o de la misma, la marca, el logotipo, la estructura de navegaci\u00f3n y los distintos elementos contenidos en la misma son titularidad de Antonio Dengra, S.L. o, en su caso, de sus licenciantes, que el usuario de esta web debe respetar, sin que pueda entenderse que el uso o acceso a la tienda online y\/o a los servicios atribuya al usuario derecho alguno sobre los citados elementos sujetos a derechos de propiedad intelectual y\/o industrial.<\/p>\n<p align=\"justify\">Queda prohibido que ninguno de los contenidos relacionados en esta web sean modificados o descompilados de manera alguna. Toda utilizaci\u00f3n no autorizada de los mismos implica la contravenci\u00f3n de dichos derechos.<\/p>\n<\/div><\/div><\/div><\/div><\/div><!-- \/wp:post-content -->","protected":false},"excerpt":{"rendered":"","protected":false},"author":1,"featured_media":4360,"parent":0,"menu_order":0,"comment_status":"closed","ping_status":"closed","template":"","meta":{"footnotes":""},"class_list":["post-4339","page","type-page","status-publish","has-post-thumbnail","hentry"],"_links":{"self":[{"href":"https:\/\/aitorykoda.nativeworld.es\/index.php\/wp-json\/wp\/v2\/pages\/4339","targetHints":{"allow":["GET"]}}],"collection":[{"href":"https:\/\/aitorykoda.nativeworld.es\/index.php\/wp-json\/wp\/v2\/pages"}],"about":[{"href":"https:\/\/aitorykoda.nativeworld.es\/index.php\/wp-json\/wp\/v2\/types\/page"}],"author":[{"embeddable":true,"href":"https:\/\/aitorykoda.nativeworld.es\/index.php\/wp-json\/wp\/v2\/users\/1"}],"replies":[{"embeddable":true,"href":"https:\/\/aitorykoda.nativeworld.es\/index.php\/wp-json\/wp\/v2\/comments?post=4339"}],"version-history":[{"count":3,"href":"https:\/\/aitorykoda.nativeworld.es\/index.php\/wp-json\/wp\/v2\/pages\/4339\/revisions"}],"predecessor-version":[{"id":4365,"href":"https:\/\/aitorykoda.nativeworld.es\/index.php\/wp-json\/wp\/v2\/pages\/4339\/revisions\/4365"}],"wp:featuredmedia":[{"embeddable":true,"href":"https:\/\/aitorykoda.nativeworld.es\/index.php\/wp-json\/wp\/v2\/media\/4360"}],"wp:attachment":[{"href":"https:\/\/aitorykoda.nativeworld.es\/index.php\/wp-json\/wp\/v2\/media?parent=4339"}],"curies":[{"name":"wp","href":"https:\/\/api.w.org\/{rel}","templated":true}]}}