{"id":4343,"date":"2023-04-20T12:51:16","date_gmt":"2023-04-20T12:51:16","guid":{"rendered":"https:\/\/aitorykoda.nativeworld.es\/?page_id=4343"},"modified":"2023-04-20T15:22:51","modified_gmt":"2023-04-20T15:22:51","slug":"uso-de-cookies","status":"publish","type":"page","link":"https:\/\/aitorykoda.nativeworld.es\/index.php\/uso-de-cookies\/","title":{"rendered":"Uso de Cookies"},"content":{"rendered":"<div class=\"fusion-fullwidth fullwidth-box fusion-builder-row-1 fusion-flex-container nonhundred-percent-fullwidth non-hundred-percent-height-scrolling\" style=\"--awb-border-radius-top-left:0px;--awb-border-radius-top-right:0px;--awb-border-radius-bottom-right:0px;--awb-border-radius-bottom-left:0px;--awb-padding-top:0px;--awb-margin-top:0px;\" ><div class=\"fusion-builder-row fusion-row fusion-flex-align-items-flex-start\" style=\"max-width:1430px;margin-left: calc(-4% \/ 2 );margin-right: calc(-4% \/ 2 );\"><div class=\"fusion-layout-column fusion_builder_column fusion-builder-column-0 fusion_builder_column_1_1 1_1 fusion-flex-column\" style=\"--awb-bg-blend:overlay;--awb-bg-size:cover;--awb-width-large:100%;--awb-margin-top-large:-80px;--awb-spacing-right-large:1.92%;--awb-margin-bottom-large:0px;--awb-spacing-left-large:1.92%;--awb-width-medium:100%;--awb-spacing-right-medium:1.92%;--awb-spacing-left-medium:1.92%;--awb-width-small:100%;--awb-spacing-right-small:1.92%;--awb-spacing-left-small:1.92%;\"><div class=\"fusion-column-wrapper fusion-flex-justify-content-flex-start fusion-content-layout-column\"><div class=\"fusion-text fusion-text-1\"><h1 style=\"font-size: 28px;\" align=\"center\" data-fusion-font=\"true\"><\/h1>\n<h1 style=\"font-size: 28px;\" align=\"center\" data-fusion-font=\"true\">Uso de Cookies<\/h1>\n<p>La cookie (o galleta inform\u00e1tica) es cualquier tipo de archivo que se descarga en el equipo o terminal de un usuario con la finalidad de almacenar datos que podr\u00e1n ser actualizados y recuperados por la entidad responsable de su instalaci\u00f3n. Sus principales funciones son llevar el control de usuarios y conseguir informaci\u00f3n sobre los h\u00e1bitos de navegaci\u00f3n del usuario y evitar intentos de intrusi\u00f3n a trav\u00e9s de programas esp\u00eda.<\/p>\n<p>Los principales tipos de cookies son los siguientes:<\/p>\n<p>1.- Seg\u00fan quien los gestione:<\/p>\n<p>a) Propias: Son aquellas que se env\u00edan al terminal del usuario desde equipo o dominio gestionado por el propio editor o responsable de la web desde que se presta el servicio solicitado por el usuario.<\/p>\n<p>b) De terceros: son aqu\u00e9llas que se env\u00edan al equipo terminal del usuario desde un equipo o dominio que no es gestionado por el editor o responsable de la Web, sino por otra entidad que trata los datos obtenidos trav\u00e9s de las cookies.<\/p>\n<p>Seg\u00fan el plazo de tiempo que permanecen activadas:<\/p>\n<p>a) De sesi\u00f3n: Son un tipo de cookies dise\u00f1adas para recabar y almacenar datos mientras el usuario accede a una p\u00e1gina Web.<\/p>\n<p>b) Persistentes: Son un tipo de cookies en el que los datos siguen almacenados en el terminal y pueden ser accedidos y tratados durante un periodo definido por el responsable de la cookie, y que puede ir de unos minutos a varios a\u00f1os.<\/p>\n<p>Seg\u00fan su finalidad:<\/p>\n<p>a) T\u00e9cnicas: Son aqu\u00e9llas que permiten al usuario la navegaci\u00f3n a trav\u00e9s de una p\u00e1gina web, plataforma o aplicaci\u00f3n y la utilizaci\u00f3n de las diferentes opciones o servicios que en ella existan como, por ejemplo, controlar el tr\u00e1fico y la comunicaci\u00f3n de datos, identificar la sesi\u00f3n, acceder a partes de acceso restringido, recordar los elementos que integran un pedido, realizar el proceso de compra de un pedido, realizar la solicitud de inscripci\u00f3n o participaci\u00f3n en un evento, utilizar elementos de seguridad durante la navegaci\u00f3n, almacenar contenidos para la difusi\u00f3n de videos o sonido o compartir contenidos a trav\u00e9s de redes sociales.<\/p>\n<p>b) De personalizaci\u00f3n: Son aqu\u00e9llas que permiten al usuario acceder al servicio con algunas caracter\u00edsticas de car\u00e1cter general predefinidas en funci\u00f3n de una serie de criterios en el terminal del usuario como por ejemplo serian el idioma, el tipo de navegador a trav\u00e9s del cual accede al servicio, la configuraci\u00f3n regional desde donde accede al servicio, etc.<\/p>\n<p>c) De an\u00e1lisis: Son aqu\u00e9llas que permiten al responsable de las mismas, el seguimiento y an\u00e1lisis del comportamiento de los usuarios de los sitios web a los que est\u00e1n vinculadas. La informaci\u00f3n recogida mediante este tipo de cookies se utiliza en la medici\u00f3n de la actividad de los sitios web, aplicaci\u00f3n o plataforma y para la elaboraci\u00f3n de perfiles de navegaci\u00f3n de los usuarios de dichos sitios, aplicaciones y plataformas, con el fin de introducir mejoras en funci\u00f3n del an\u00e1lisis de los datos de uso que hacen los usuarios del servicio.<\/p>\n<p>d) Publicitarias: Son aqu\u00e9llas que permiten la gesti\u00f3n, de la forma m\u00e1s eficaz posible, de los espacios publicitarios que, en su caso, el editor haya incluido en una p\u00e1gina web, aplicaci\u00f3n o plataforma desde la que presta el servicio solicitado en base a criterios como el contenido editado o la frecuencia en la que se muestran los anuncios.<\/p>\n<p>e) De publicidad comportamental: Son aqu\u00e9llas que permiten la gesti\u00f3n, de la forma m\u00e1s eficaz posible, de los espacios publicitarios que, en su caso, el editor o responsable de la web haya incluido en una p\u00e1gina web, aplicaci\u00f3n o plataforma desde la que presta el servicio solicitado. Estas cookies almacenan informaci\u00f3n del comportamiento de los usuarios obtenida a trav\u00e9s de la observaci\u00f3n continuada de sus h\u00e1bitos de navegaci\u00f3n, lo que permite desarrollar un perfil espec\u00edfico para mostrar publicidad en funci\u00f3n del mismo.<\/p>\n<p>Relaci\u00f3n y descripci\u00f3n de cookies utilizadas por este portal o sitio web con distinci\u00f3n de nivel de intrusi\u00f3n de las mismas (nivel 1, exenta de intrusi\u00f3n, nivel 2, m\u00ednimamente intrusivas, nivel 3, moderadamente intrusivas) son (s. e. o. u). Dominio: www.rodimpres.es<\/p>\n<p>A continuaci\u00f3n detallamos las cookies propias y de terceros que utilizamos.<\/p>\n<p>Cookies propias: las cookies que pertenecen a www.rodimpres.es<\/p>\n<p>Cookies de terceros: las cookies de terceros que utilizamos son:<\/p>\n<p>Cookies registradas en Google Analytics con fines anal\u00edticos, estrat\u00e9gicos y comerciales, de titularidad de Google Inc.<\/p>\n<p>Cookies de Google Adwords, con fines publicitarios, comerciales y anal\u00edticos, titularidad de Google Inc.<\/p>\n<p>Cookies de Google Dynamic, con fines publicitarios, comerciales y anal\u00edticos, titularidad de Google Inc.<\/p>\n<p>El usuario de este portal web puede permitir, bloquear o eliminar las cookies instaladas en su equipo mediante la configuraci\u00f3n de las opciones del navegador instalado en su ordenador. En caso de utilizar el navegador:<\/p>\n<p>Chrome, desde: http:\/\/support.google.com\/chrome\/bin\/answer.py?hl=es&amp;answer=95647<\/p>\n<p>Explorer, desde: http:\/\/windows.microsoft.com\/es-es\/windows7\/how-to-manage-cookies-in-internet-explorer-9<\/p>\n<p>Firefox, desde: http:\/\/support.mozilla.org\/es\/kb\/habilitar-y-deshabilitar-cookies-que-los-sitios-we<\/p>\n<p>Safari, desde: http:\/\/support.apple.com\/kb\/ph5042<\/p>\n<p>La administraci\u00f3n de este portal web no se responsabiliza de los fallos de funcionamiento que pudieran ocasionar el bloqueo o eliminaci\u00f3n de una, varias o todas las cookies descritas anteriormente.<\/p>\n<p>La navegaci\u00f3n por este portal web implica la aceptaci\u00f3n de facto de la presente pol\u00edtica de cookies. No obstante, el usuario de este portal web podr\u00e1 en todo momento realizar las modificaciones que considere oportunas en esta concreta materia, para lo cual, acudir\u00e1 a los enlaces indicados anteriormente en funci\u00f3n del navegador que utilice.<\/p>\n<p>Del mismo modo, la administraci\u00f3n de este portal web no se hace responsable del contenido y veracidad de las pol\u00edticas de privacidad de los terceros incluidas en esta pol\u00edtica de cookies.<\/p>\n<p>Si usuario de este portal web tiene dudas sobre esta pol\u00edtica de cookies, puede contactar con la administraci\u00f3n de este portal web en datos@nativeworld.es.<\/p>\n<\/div><\/div><\/div><\/div><\/div><!-- \/wp:post-content -->","protected":false},"excerpt":{"rendered":"","protected":false},"author":1,"featured_media":0,"parent":0,"menu_order":0,"comment_status":"closed","ping_status":"closed","template":"","meta":{"footnotes":""},"class_list":["post-4343","page","type-page","status-publish","hentry"],"_links":{"self":[{"href":"https:\/\/aitorykoda.nativeworld.es\/index.php\/wp-json\/wp\/v2\/pages\/4343","targetHints":{"allow":["GET"]}}],"collection":[{"href":"https:\/\/aitorykoda.nativeworld.es\/index.php\/wp-json\/wp\/v2\/pages"}],"about":[{"href":"https:\/\/aitorykoda.nativeworld.es\/index.php\/wp-json\/wp\/v2\/types\/page"}],"author":[{"embeddable":true,"href":"https:\/\/aitorykoda.nativeworld.es\/index.php\/wp-json\/wp\/v2\/users\/1"}],"replies":[{"embeddable":true,"href":"https:\/\/aitorykoda.nativeworld.es\/index.php\/wp-json\/wp\/v2\/comments?post=4343"}],"version-history":[{"count":3,"href":"https:\/\/aitorykoda.nativeworld.es\/index.php\/wp-json\/wp\/v2\/pages\/4343\/revisions"}],"predecessor-version":[{"id":4369,"href":"https:\/\/aitorykoda.nativeworld.es\/index.php\/wp-json\/wp\/v2\/pages\/4343\/revisions\/4369"}],"wp:attachment":[{"href":"https:\/\/aitorykoda.nativeworld.es\/index.php\/wp-json\/wp\/v2\/media?parent=4343"}],"curies":[{"name":"wp","href":"https:\/\/api.w.org\/{rel}","templated":true}]}}