{"id":4204,"date":"2023-03-30T03:34:24","date_gmt":"2023-03-30T03:34:24","guid":{"rendered":"https:\/\/aitorykoda.nativeworld.es\/?post_type=product&#038;p=4204"},"modified":"2023-05-09T16:05:18","modified_gmt":"2023-05-09T16:05:18","slug":"camiseta-adulto-aitor-koda-mod-2-blanca","status":"publish","type":"product","link":"https:\/\/aitorykoda.nativeworld.es\/index.php\/producto\/camiseta-adulto-aitor-koda-mod-2-blanca\/","title":{"rendered":"Camiseta adulto Aitor &#038; Koda Mod.2 blanca"},"content":{"rendered":"<p><strong>Camiseta unisex con impresi\u00f3n frontal y trasera<br \/>\n<\/strong><\/p>\n<p>Una prenda que combina con todo confeccionada con los m\u00e1s altos est\u00e1ndares de calidad e impresa con la t\u00e9cnica adecuada para conseguir un acabado perfecto y duradero. Aconsejamos lavar del rev\u00e9s y con programa fr\u00edo en lavadora.<\/p>\n<ul>\n<li>Confecci\u00f3n e impresi\u00f3n de muy alta calidad.<\/li>\n<li>Calidad del material resistente 150g\/m\u00b2<\/li>\n<li>Material: 100% algod\u00f3n (excepto gris jaspeado: 95% algod\u00f3n, 5% poliester)<\/li>\n<\/ul>\n<p><strong>Medidas por tallas<br \/>\n<\/strong><\/p>\n<p>Las medidas reales pueden diferir +\/-1 cm<\/p>\n<table style=\"width: 300px;\" border=\"0\" cellspacing=\"1\" cellpadding=\"1\">\n<tbody>\n<tr>\n<td style=\"display: none;\"><\/td>\n<td style=\"background-color: #006019; text-align: center;\"><span style=\"color: #c0c0c0;\"><strong>Talla<\/strong><\/span><\/td>\n<td style=\"display: none;\"><\/td>\n<td style=\"display: none;\"><\/td>\n<td style=\"background-color: #006019; text-align: center;\"><span style=\"color: #c0c0c0;\"><strong>Alto<\/strong><\/span><\/td>\n<td style=\"display: none;\"><\/td>\n<td style=\"display: none;\"><\/td>\n<td style=\"background-color: #006019; text-align: center;\"><span style=\"color: #c0c0c0;\"><strong>Ancho<\/strong><\/span><\/td>\n<td style=\"display: none;\"><\/td>\n<\/tr>\n<tr>\n<td style=\"text-align: center;\"><strong>S<\/strong><\/td>\n<td style=\"text-align: center;\">67<\/td>\n<td style=\"text-align: center;\">48<\/td>\n<\/tr>\n<tr>\n<td style=\"text-align: center; background-color: #cccccc;\"><strong>M<\/strong><\/td>\n<td style=\"text-align: center; background-color: #cccccc;\">69<\/td>\n<td style=\"text-align: center; background-color: #cccccc;\">51<\/td>\n<\/tr>\n<tr>\n<td style=\"text-align: center;\"><strong>L<\/strong><\/td>\n<td style=\"text-align: center;\">75<\/td>\n<td style=\"text-align: center;\">55<\/td>\n<\/tr>\n<tr>\n<td style=\"text-align: center; background-color: #cccccc;\"><strong>XL<\/strong><\/td>\n<td style=\"text-align: center; background-color: #cccccc;\">78<\/td>\n<td style=\"text-align: center; background-color: #cccccc;\">58<\/td>\n<\/tr>\n<tr>\n<td style=\"text-align: center;\"><strong>XXL<\/strong><\/td>\n<td style=\"text-align: center;\">80<\/td>\n<td style=\"text-align: center;\">62<\/td>\n<\/tr>\n<\/tbody>\n<\/table>\n<p>&nbsp;<\/p>\n","protected":false},"excerpt":{"rendered":"<p>AITOR &amp; KODA te agradecen tu colaboraci\u00f3n comprando esta camiseta y poniendo as\u00ed tu granito de arena para conseguir completar la aventura planeada.<\/p>\n<p><img decoding=\"async\" class=\"size-full wp-image-4188 aligncenter\" src=\"https:\/\/aitorykoda.nativeworld.es\/wp-content\/uploads\/2021\/03\/ANADE-PEGATINA.jpg\" alt=\"\" width=\"250\" height=\"79\" srcset=\"https:\/\/aitorykoda.nativeworld.es\/wp-content\/uploads\/2021\/03\/ANADE-PEGATINA-200x63.jpg 200w, https:\/\/aitorykoda.nativeworld.es\/wp-content\/uploads\/2021\/03\/ANADE-PEGATINA.jpg 250w\" sizes=\"(max-width: 250px) 100vw, 250px\" \/><\/p>\n","protected":false},"featured_media":4208,"comment_status":"closed","ping_status":"closed","template":"","meta":[],"product_cat":[98],"product_tag":[],"class_list":["post-4204","product","type-product","status-publish","has-post-thumbnail","hentry","product_cat-camisetas"],"_links":{"self":[{"href":"https:\/\/aitorykoda.nativeworld.es\/index.php\/wp-json\/wp\/v2\/product\/4204","targetHints":{"allow":["GET"]}}],"collection":[{"href":"https:\/\/aitorykoda.nativeworld.es\/index.php\/wp-json\/wp\/v2\/product"}],"about":[{"href":"https:\/\/aitorykoda.nativeworld.es\/index.php\/wp-json\/wp\/v2\/types\/product"}],"replies":[{"embeddable":true,"href":"https:\/\/aitorykoda.nativeworld.es\/index.php\/wp-json\/wp\/v2\/comments?post=4204"}],"wp:featuredmedia":[{"embeddable":true,"href":"https:\/\/aitorykoda.nativeworld.es\/index.php\/wp-json\/wp\/v2\/media\/4208"}],"wp:attachment":[{"href":"https:\/\/aitorykoda.nativeworld.es\/index.php\/wp-json\/wp\/v2\/media?parent=4204"}],"wp:term":[{"taxonomy":"product_cat","embeddable":true,"href":"https:\/\/aitorykoda.nativeworld.es\/index.php\/wp-json\/wp\/v2\/product_cat?post=4204"},{"taxonomy":"product_tag","embeddable":true,"href":"https:\/\/aitorykoda.nativeworld.es\/index.php\/wp-json\/wp\/v2\/product_tag?post=4204"}],"curies":[{"name":"wp","href":"https:\/\/api.w.org\/{rel}","templated":true}]}}